{"id":633,"date":"2024-03-18T14:05:54","date_gmt":"2024-03-18T14:05:54","guid":{"rendered":"https:\/\/legally-wordpress.technowebstore.com\/?page_id=633"},"modified":"2025-07-30T17:07:28","modified_gmt":"2025-07-30T15:07:28","slug":"czynnosci","status":"publish","type":"page","link":"https:\/\/innotariusz.pl\/en\/czynnosci\/","title":{"rendered":"Notarial Acts"},"content":{"rendered":"<div data-elementor-type=\"wp-page\" data-elementor-id=\"633\" class=\"elementor elementor-633\">\n\t\t\t\t\t\t<section class=\"has_eae_slider elementor-section elementor-top-section elementor-element elementor-element-9dc84af elementor-section-content-middle elementor-section-boxed elementor-section-height-default elementor-section-height-default\" data-eae-slider=\"62115\" data-id=\"9dc84af\" data-element_type=\"section\" data-settings=\"{&quot;background_background&quot;:&quot;classic&quot;}\">\n\t\t\t\t\t\t\t<div class=\"elementor-background-overlay\"><\/div>\n\t\t\t\t\t\t\t<div class=\"elementor-container elementor-column-gap-default\">\n\t\t\t\t\t<div class=\"has_eae_slider elementor-column elementor-col-100 elementor-top-column elementor-element elementor-element-19c8cfe\" data-eae-slider=\"33134\" data-id=\"19c8cfe\" data-element_type=\"column\">\n\t\t\t<div class=\"elementor-widget-wrap elementor-element-populated\">\n\t\t\t\t\t\t<section class=\"has_eae_slider elementor-section elementor-inner-section elementor-element elementor-element-eed47cd elementor-section-content-middle elementor-section-boxed elementor-section-height-default elementor-section-height-default\" data-eae-slider=\"60573\" data-id=\"eed47cd\" data-element_type=\"section\">\n\t\t\t\t\t\t<div class=\"elementor-container elementor-column-gap-default\">\n\t\t\t\t\t<div class=\"has_eae_slider elementor-column elementor-col-100 elementor-inner-column elementor-element elementor-element-2415f6d text-center\" data-eae-slider=\"18617\" data-id=\"2415f6d\" data-element_type=\"column\">\n\t\t\t<div class=\"elementor-widget-wrap elementor-element-populated\">\n\t\t\t\t\t\t<div class=\"elementor-element elementor-element-720613e elementor-widget elementor-widget-page-title\" data-id=\"720613e\" data-element_type=\"widget\" data-settings=\"{&quot;align&quot;:&quot;center&quot;}\" data-widget_type=\"page-title.default\">\n\t\t\t\t<div class=\"elementor-widget-container\">\n\t\t\t\t\t\t\t\n\t\t<div class=\"hfe-page-title hfe-page-title-wrapper elementor-widget-heading\">\n\n\t\t\t\t\t\t\t\t\t\t\t<a href=\"https:\/\/innotariusz.pl\/en\">\n\t\t\t\t\t\t<h2 class=\"elementor-heading-title elementor-size-default\">\n\t\t\t\t\t\t\t\t\n\t\t\t\tNotarial Acts  \n\t\t\t<\/h2> \n\t\t\t\t\t\t\t\t\t<\/a>\n\t\t\t\t\t<\/div>\n\t\t\t\t\t\t<\/div>\n\t\t\t\t<\/div>\n\t\t\t\t\t<\/div>\n\t\t<\/div>\n\t\t\t\t\t<\/div>\n\t\t<\/section>\n\t\t\t\t\t<\/div>\n\t\t<\/div>\n\t\t\t\t\t<\/div>\n\t\t<\/section>\n\t\t<div class=\"has_eae_slider elementor-element elementor-element-68cf18a e-flex e-con-boxed e-con e-parent\" data-eae-slider=\"43394\" data-id=\"68cf18a\" data-element_type=\"container\">\n\t\t\t\t\t<div class=\"e-con-inner\">\n\t\t\t\t<div class=\"elementor-element elementor-element-d48e3fd elementor-widget elementor-widget-heading\" data-id=\"d48e3fd\" data-element_type=\"widget\" data-widget_type=\"heading.default\">\n\t\t\t\t\t<h2 class=\"elementor-heading-title elementor-size-default\">How can we help you?<\/h2>\t\t\t\t<\/div>\n\t\t\t\t<div class=\"elementor-element elementor-element-1af5bf4 elementor-widget elementor-widget-text-editor\" data-id=\"1af5bf4\" data-element_type=\"widget\" data-widget_type=\"text-editor.default\">\n\t\t\t\t\t\t\t\t\t<p><span style=\"font-weight: 400;\">A notary is authorized to perform acts that parties are required or wish to formalize in a notarial form (notarial acts). Within the scope of their authority, a notary acts as a person of public trust, enjoying the protection afforded to public officials. Notarial acts performed by a notary in accordance with the law have the character of an official document.<\/span><\/p><p><span style=\"font-weight: 400;\">Notarial acts are performed in Polish. At a party's request, the notary may additionally perform the act in a foreign language, using their own knowledge of the foreign language demonstrated in a manner specified for sworn translators, or by utilizing the assistance of a sworn translator.\u00a0<\/span><\/p><p><span style=\"font-weight: 400;\">Notaries perform notarial acts at their notary office. However, a notarial act may also be performed elsewhere if the nature of the act or special circumstances warrant it.<\/span><\/p><p><span style=\"font-weight: 400;\">When performing a notarial act, the notary is obliged to confirm the identity of the individuals participating in the act. Identity must be confirmed based on documents stipulated by law, which may include, in particular, a valid identity card (including mDow\u00f3d), passport, or residence card. The mDow\u00f3d document cannot be used for identity verification if circumstances arise, or are reasonably suspected to arise, in which the use of this document would not ensure the necessary level of certainty and security for identity confirmation, or if it cannot be carried out under conditions ensuring such a level.\u00a0<\/span>nie zapewni niezb\u0119dnego poziomu pewno\u015bci i bezpiecze\u0144stwa stwierdzenia to\u017csamo\u015bci<span style=\"font-weight: 400;\">\u00a0albo nie mo\u017ce by\u0107 przeprowadzone w warunkach zapewniaj\u0105cych taki poziom.<\/span><\/p><p><span style=\"font-weight: 400;\">On our website, you'll find basic information and documents typically required for drafting specific agreements. Please note that these lists are examples, as additional documents or information may be necessary depending on the circumstances of a particular case. Therefore, before you begin gathering your documents, please contact us to obtain complete information.<\/span><\/p>\t\t\t\t\t\t\t\t<\/div>\n\t\t\t\t<div class=\"elementor-element elementor-element-da1bfc0 elementor-align-center elementor-widget elementor-widget-button\" data-id=\"da1bfc0\" data-element_type=\"widget\" data-widget_type=\"button.default\">\n\t\t\t\t\t\t\t\t\t\t<a class=\"elementor-button elementor-button-link elementor-size-sm\" href=\"http:\/\/innotariusz.pl\/en\/dokumenty\/\" target=\"_blank\">\n\t\t\t\t\t\t<span class=\"elementor-button-content-wrapper\">\n\t\t\t\t\t\t\t\t\t<span class=\"elementor-button-text\">READ THE LIST OF REQUIRED DOCUMENTS<\/span>\n\t\t\t\t\t<\/span>\n\t\t\t\t\t<\/a>\n\t\t\t\t\t\t\t\t<\/div>\n\t\t\t\t\t<\/div>\n\t\t\t\t<\/div>\n\t\t\t\t<section class=\"has_eae_slider elementor-section elementor-top-section elementor-element elementor-element-d9a896c elementor-section-boxed elementor-section-height-default elementor-section-height-default\" data-eae-slider=\"27152\" data-id=\"d9a896c\" data-element_type=\"section\">\n\t\t\t\t\t\t<div class=\"elementor-container elementor-column-gap-default\">\n\t\t\t\t\t<div class=\"has_eae_slider elementor-column elementor-col-100 elementor-top-column elementor-element elementor-element-940cdfa\" data-eae-slider=\"62796\" data-id=\"940cdfa\" data-element_type=\"column\">\n\t\t\t<div class=\"elementor-widget-wrap elementor-element-populated\">\n\t\t\t\t\t\t<section class=\"has_eae_slider elementor-section elementor-inner-section elementor-element elementor-element-7ec2eaa elementor-section-boxed elementor-section-height-default elementor-section-height-default\" data-eae-slider=\"30922\" data-id=\"7ec2eaa\" data-element_type=\"section\">\n\t\t\t\t\t\t<div class=\"elementor-container elementor-column-gap-default\">\n\t\t\t\t\t<div class=\"has_eae_slider elementor-column elementor-col-100 elementor-inner-column elementor-element elementor-element-cc97079\" data-eae-slider=\"28021\" data-id=\"cc97079\" data-element_type=\"column\">\n\t\t\t<div class=\"elementor-widget-wrap elementor-element-populated\">\n\t\t\t\t\t\t<div class=\"elementor-element elementor-element-7b9fc99 elementor-widget elementor-widget-shortcode\" data-id=\"7b9fc99\" data-element_type=\"widget\" data-widget_type=\"shortcode.default\">\n\t\t\t\t\t\t\t<div class=\"elementor-shortcode\">\n\n<\/div>\n\t\t\t\t\t\t<\/div>\n\t\t\t\t\t<\/div>\n\t\t<\/div>\n\t\t\t\t\t<\/div>\n\t\t<\/section>\n\t\t\t\t\t<\/div>\n\t\t<\/div>\n\t\t\t\t\t<\/div>\n\t\t<\/section>\n\t\t\t\t<\/div>","protected":false},"excerpt":{"rendered":"<p>Czynno\u015bci notarialne W czym mo\u017cemy Ci pom\u00f3c? Notariusz jest powo\u0142any do dokonywania czynno\u015bci, kt\u00f3rym strony s\u0105 obowi\u0105zane lub pragn\u0105 nada\u0107 form\u0119 notarialn\u0105 (czynno\u015bci notarialnych). Notariusz w zakresie swoich uprawnie\u0144 dzia\u0142a jako osoba zaufania publicznego, korzystaj\u0105c z ochrony przys\u0142uguj\u0105cej funkcjonariuszom publicznym. Czynno\u015bci notarialne dokonane przez notariusza zgodnie z prawem maj\u0105 charakter dokumentu urz\u0119dowego. Czynno\u015bci notarialnych dokonuje [&hellip;]<\/p>","protected":false},"author":1,"featured_media":0,"parent":0,"menu_order":0,"comment_status":"closed","ping_status":"closed","template":"elementor_header_footer","meta":{"_acf_changed":false,"footnotes":""},"class_list":["post-633","page","type-page","status-publish","hentry"],"acf":[],"_links":{"self":[{"href":"https:\/\/innotariusz.pl\/en\/wp-json\/wp\/v2\/pages\/633","targetHints":{"allow":["GET"]}}],"collection":[{"href":"https:\/\/innotariusz.pl\/en\/wp-json\/wp\/v2\/pages"}],"about":[{"href":"https:\/\/innotariusz.pl\/en\/wp-json\/wp\/v2\/types\/page"}],"author":[{"embeddable":true,"href":"https:\/\/innotariusz.pl\/en\/wp-json\/wp\/v2\/users\/1"}],"replies":[{"embeddable":true,"href":"https:\/\/innotariusz.pl\/en\/wp-json\/wp\/v2\/comments?post=633"}],"version-history":[{"count":0,"href":"https:\/\/innotariusz.pl\/en\/wp-json\/wp\/v2\/pages\/633\/revisions"}],"wp:attachment":[{"href":"https:\/\/innotariusz.pl\/en\/wp-json\/wp\/v2\/media?parent=633"}],"curies":[{"name":"wp","href":"https:\/\/api.w.org\/{rel}","templated":true}]}}