{"id":1908,"date":"2025-07-19T14:54:02","date_gmt":"2025-07-19T12:54:02","guid":{"rendered":"http:\/\/localhost:8888\/?page_id=1908"},"modified":"2025-07-29T23:02:32","modified_gmt":"2025-07-29T21:02:32","slug":"oplaty","status":"publish","type":"page","link":"https:\/\/innotariusz.pl\/en\/oplaty\/","title":{"rendered":"Fees"},"content":{"rendered":"<div data-elementor-type=\"wp-page\" data-elementor-id=\"1908\" class=\"elementor elementor-1908\">\n\t\t\t\t\t\t<section class=\"has_eae_slider elementor-section elementor-top-section elementor-element elementor-element-9dc84af elementor-section-content-middle elementor-section-boxed elementor-section-height-default elementor-section-height-default\" data-eae-slider=\"33140\" data-id=\"9dc84af\" data-element_type=\"section\" data-settings=\"{&quot;background_background&quot;:&quot;classic&quot;}\">\n\t\t\t\t\t\t\t<div class=\"elementor-background-overlay\"><\/div>\n\t\t\t\t\t\t\t<div class=\"elementor-container elementor-column-gap-default\">\n\t\t\t\t\t<div class=\"has_eae_slider elementor-column elementor-col-100 elementor-top-column elementor-element elementor-element-19c8cfe\" data-eae-slider=\"4401\" data-id=\"19c8cfe\" data-element_type=\"column\">\n\t\t\t<div class=\"elementor-widget-wrap elementor-element-populated\">\n\t\t\t\t\t\t<section class=\"has_eae_slider elementor-section elementor-inner-section elementor-element elementor-element-eed47cd elementor-section-content-middle elementor-section-boxed elementor-section-height-default elementor-section-height-default\" data-eae-slider=\"84954\" data-id=\"eed47cd\" data-element_type=\"section\">\n\t\t\t\t\t\t<div class=\"elementor-container elementor-column-gap-default\">\n\t\t\t\t\t<div class=\"has_eae_slider elementor-column elementor-col-100 elementor-inner-column elementor-element elementor-element-2415f6d text-center\" data-eae-slider=\"60585\" data-id=\"2415f6d\" data-element_type=\"column\">\n\t\t\t<div class=\"elementor-widget-wrap elementor-element-populated\">\n\t\t\t\t\t\t<div class=\"elementor-element elementor-element-720613e elementor-widget elementor-widget-page-title\" data-id=\"720613e\" data-element_type=\"widget\" data-settings=\"{&quot;align&quot;:&quot;center&quot;}\" data-widget_type=\"page-title.default\">\n\t\t\t\t<div class=\"elementor-widget-container\">\n\t\t\t\t\t\t\t\n\t\t<div class=\"hfe-page-title hfe-page-title-wrapper elementor-widget-heading\">\n\n\t\t\t\t\t\t\t\t\t\t\t<a href=\"https:\/\/innotariusz.pl\/en\">\n\t\t\t\t\t\t<h2 class=\"elementor-heading-title elementor-size-default\">\n\t\t\t\t\t\t\t\t\n\t\t\t\tFees  \n\t\t\t<\/h2> \n\t\t\t\t\t\t\t\t\t<\/a>\n\t\t\t\t\t<\/div>\n\t\t\t\t\t\t<\/div>\n\t\t\t\t<\/div>\n\t\t\t\t\t<\/div>\n\t\t<\/div>\n\t\t\t\t\t<\/div>\n\t\t<\/section>\n\t\t\t\t\t<\/div>\n\t\t<\/div>\n\t\t\t\t\t<\/div>\n\t\t<\/section>\n\t\t<div class=\"has_eae_slider elementor-element elementor-element-0ebfbef e-flex e-con-boxed e-con e-parent\" data-eae-slider=\"19263\" data-id=\"0ebfbef\" data-element_type=\"container\">\n\t\t\t\t\t<div class=\"e-con-inner\">\n\t\t\t\t<div class=\"elementor-element elementor-element-17140df elementor-widget elementor-widget-heading\" data-id=\"17140df\" data-element_type=\"widget\" data-widget_type=\"heading.default\">\n\t\t\t\t\t<h4 class=\"elementor-heading-title elementor-size-default\">When conducting a notarial act, certain fees may apply, depending on the type of service. These typically include:<\/span><\/h4>\t\t\t\t<\/div>\n\t\t\t\t<div class=\"elementor-element elementor-element-29554d0 elementor-widget elementor-widget-text-editor\" data-id=\"29554d0\" data-element_type=\"widget\" data-widget_type=\"text-editor.default\">\n\t\t\t\t\t\t\t\t\t<ul><li class=\"translation-block\"><b>Court fees: <\/b><span style=\"font-weight: 400\"> (If the notarial deed includes an application for an entry in the Land and Mortgage Register), which the notary collects and remits to the relevant court<\/span><\/li><li class=\"translation-block\"><span style=\"font-weight: 400\"><b>Taxes: <\/b>Which the notary collects and remits to the relevant tax office (i.e., tax on civil law transactions or inheritance and donation tax).\n<\/span><\/li><li class=\"translation-block\"><b>CREWAN\" fee:<\/b> A charge of PLN 5 for the notary to place an electronic excerpt of the notarial deed in the Central Electronic Register of Notarial Excerpts.<\/li><li class=\"translation-block\"><b>Notary's remuneration:<\/b>This fee is determined by the Regulation of the Minister of Justice of August 28, 2004, concerning the maximum rates for notary fees<\/li><\/ul>\t\t\t\t\t\t\t\t<\/div>\n\t\t\t\t\t<\/div>\n\t\t\t\t<\/div>\n\t\t\t\t<\/div>","protected":false},"excerpt":{"rendered":"<p>Op\u0142aty Z dokonaniem czynno\u015bci u notariusza mog\u0105 si\u0119 wi\u0105za\u0107 (w zale\u017cno\u015bci od rodzaju czynno\u015bci notarialnej) w szczeg\u00f3lno\u015bci: op\u0142aty s\u0105dowe (w przypadku, gdy akt notarialny zawiera wniosek o wpis do ksi\u0119gi wieczystej), kt\u00f3re notariusz pobiera i wp\u0142aca do w\u0142a\u015bciwego s\u0105du podatki, kt\u00f3re notariusz pobiera i wp\u0142aca do w\u0142a\u015bciwego urz\u0119du skarbowego (tj. podatek od czynno\u015bci cywilnoprawnych lub [&hellip;]<\/p>","protected":false},"author":1,"featured_media":0,"parent":0,"menu_order":0,"comment_status":"closed","ping_status":"closed","template":"elementor_header_footer","meta":{"_acf_changed":false,"footnotes":""},"class_list":["post-1908","page","type-page","status-publish","hentry"],"acf":[],"_links":{"self":[{"href":"https:\/\/innotariusz.pl\/en\/wp-json\/wp\/v2\/pages\/1908","targetHints":{"allow":["GET"]}}],"collection":[{"href":"https:\/\/innotariusz.pl\/en\/wp-json\/wp\/v2\/pages"}],"about":[{"href":"https:\/\/innotariusz.pl\/en\/wp-json\/wp\/v2\/types\/page"}],"author":[{"embeddable":true,"href":"https:\/\/innotariusz.pl\/en\/wp-json\/wp\/v2\/users\/1"}],"replies":[{"embeddable":true,"href":"https:\/\/innotariusz.pl\/en\/wp-json\/wp\/v2\/comments?post=1908"}],"version-history":[{"count":0,"href":"https:\/\/innotariusz.pl\/en\/wp-json\/wp\/v2\/pages\/1908\/revisions"}],"wp:attachment":[{"href":"https:\/\/innotariusz.pl\/en\/wp-json\/wp\/v2\/media?parent=1908"}],"curies":[{"name":"wp","href":"https:\/\/api.w.org\/{rel}","templated":true}]}}