{"id":1740,"date":"2025-07-15T01:35:30","date_gmt":"2025-07-14T23:35:30","guid":{"rendered":"http:\/\/localhost:8888\/?page_id=1740"},"modified":"2025-07-30T17:14:37","modified_gmt":"2025-07-30T15:14:37","slug":"notariusze","status":"publish","type":"page","link":"https:\/\/innotariusz.pl\/en\/notariusze\/","title":{"rendered":"Team"},"content":{"rendered":"<div data-elementor-type=\"wp-page\" data-elementor-id=\"1740\" class=\"elementor elementor-1740\">\n\t\t\t\t\t\t<section class=\"has_eae_slider elementor-section elementor-top-section elementor-element elementor-element-65a524a elementor-section-content-middle elementor-section-boxed elementor-section-height-default elementor-section-height-default\" data-eae-slider=\"87575\" data-id=\"65a524a\" data-element_type=\"section\" data-settings=\"{&quot;background_background&quot;:&quot;classic&quot;}\">\n\t\t\t\t\t\t\t<div class=\"elementor-background-overlay\"><\/div>\n\t\t\t\t\t\t\t<div class=\"elementor-container elementor-column-gap-default\">\n\t\t\t\t\t<div class=\"has_eae_slider elementor-column elementor-col-100 elementor-top-column elementor-element elementor-element-6cb47c3\" data-eae-slider=\"82463\" data-id=\"6cb47c3\" data-element_type=\"column\">\n\t\t\t<div class=\"elementor-widget-wrap elementor-element-populated\">\n\t\t\t\t\t\t<section class=\"has_eae_slider elementor-section elementor-inner-section elementor-element elementor-element-1b50982 elementor-section-content-middle elementor-section-boxed elementor-section-height-default elementor-section-height-default\" data-eae-slider=\"53709\" data-id=\"1b50982\" data-element_type=\"section\">\n\t\t\t\t\t\t<div class=\"elementor-container elementor-column-gap-default\">\n\t\t\t\t\t<div class=\"has_eae_slider elementor-column elementor-col-100 elementor-inner-column elementor-element elementor-element-6557916 text-center\" data-eae-slider=\"30019\" data-id=\"6557916\" data-element_type=\"column\">\n\t\t\t<div class=\"elementor-widget-wrap elementor-element-populated\">\n\t\t\t\t\t\t<div class=\"elementor-element elementor-element-d5a472f elementor-widget elementor-widget-page-title\" data-id=\"d5a472f\" data-element_type=\"widget\" data-settings=\"{&quot;align&quot;:&quot;center&quot;}\" data-widget_type=\"page-title.default\">\n\t\t\t\t<div class=\"elementor-widget-container\">\n\t\t\t\t\t\t\t\n\t\t<div class=\"hfe-page-title hfe-page-title-wrapper elementor-widget-heading\">\n\n\t\t\t\t\t\t\t\t\t\t\t<a href=\"https:\/\/innotariusz.pl\/en\">\n\t\t\t\t\t\t<h2 class=\"elementor-heading-title elementor-size-default\">\n\t\t\t\t\t\t\t\t\n\t\t\t\tTeam  \n\t\t\t<\/h2> \n\t\t\t\t\t\t\t\t\t<\/a>\n\t\t\t\t\t<\/div>\n\t\t\t\t\t\t<\/div>\n\t\t\t\t<\/div>\n\t\t\t\t\t<\/div>\n\t\t<\/div>\n\t\t\t\t\t<\/div>\n\t\t<\/section>\n\t\t\t\t\t<\/div>\n\t\t<\/div>\n\t\t\t\t\t<\/div>\n\t\t<\/section>\n\t\t<div class=\"has_eae_slider elementor-element elementor-element-9488eaf e-flex e-con-boxed e-con e-parent\" data-eae-slider=\"60344\" data-id=\"9488eaf\" data-element_type=\"container\">\n\t\t\t\t\t<div class=\"e-con-inner\">\n\t\t<div class=\"has_eae_slider elementor-element elementor-element-5de9d07 e-con-full e-flex e-con e-child\" data-eae-slider=\"6350\" data-id=\"5de9d07\" data-element_type=\"container\">\n\t\t<div class=\"has_eae_slider elementor-element elementor-element-fa53620 e-con-full e-flex e-con e-child\" data-eae-slider=\"41857\" data-id=\"fa53620\" data-element_type=\"container\">\n\t\t\t\t<div class=\"elementor-element elementor-element-79afdf3 elementor-widget elementor-widget-heading\" data-id=\"79afdf3\" data-element_type=\"widget\" data-widget_type=\"heading.default\">\n\t\t\t\t\t<h2 class=\"elementor-heading-title elementor-size-default\">Notary Sabina I\u0142owska<\/h2>\t\t\t\t<\/div>\n\t\t\t\t<div class=\"elementor-element elementor-element-110a776 elementor-widget elementor-widget-text-editor\" data-id=\"110a776\" data-element_type=\"widget\" data-widget_type=\"text-editor.default\">\n\t\t\t\t\t\t\t\t\t<p><span style=\"font-weight: 400;\">I completed my law studies in 2009. From 2010 to 2012, I undertook my notary traineeship, and subsequently served as a notary assessor from 2013 to 2016, followed by a period as a deputy notary. In 2016, I was appointed as a notary.<\/span><\/p>\t\t\t\t\t\t\t\t<\/div>\n\t\t\t\t<\/div>\n\t\t\t\t<\/div>\n\t\t\t\t\t<\/div>\n\t\t\t\t<\/div>\n\t\t<div class=\"has_eae_slider elementor-element elementor-element-7c04d39 e-flex e-con-boxed e-con e-parent\" data-eae-slider=\"59431\" data-id=\"7c04d39\" data-element_type=\"container\" data-settings=\"{&quot;background_background&quot;:&quot;classic&quot;}\">\n\t\t\t\t\t<div class=\"e-con-inner\">\n\t\t<div class=\"has_eae_slider elementor-element elementor-element-9cafddd e-con-full e-flex e-con e-child\" data-eae-slider=\"40374\" data-id=\"9cafddd\" data-element_type=\"container\">\n\t\t\t\t<div class=\"elementor-element elementor-element-204f3eb elementor-widget elementor-widget-heading\" data-id=\"204f3eb\" data-element_type=\"widget\" data-widget_type=\"heading.default\">\n\t\t\t\t\t<h2 class=\"elementor-heading-title elementor-size-default\">Notary Dominika Nowaczyk<\/h2>\t\t\t\t<\/div>\n\t\t\t\t<div class=\"elementor-element elementor-element-79978f2 elementor-widget elementor-widget-text-editor\" data-id=\"79978f2\" data-element_type=\"widget\" data-widget_type=\"text-editor.default\">\n\t\t\t\t\t\t\t\t\t<p>I began my practice in a notary office in 2015, completing my law studies in 2016. From 2016 to 2020, I completed my notary traineeship, and then served as a deputy notary for two years. I was appointed as a notary in 2022.<\/p>\t\t\t\t\t\t\t\t<\/div>\n\t\t\t\t<\/div>\n\t\t\t\t\t<\/div>\n\t\t\t\t<\/div>\n\t\t\t\t<\/div>","protected":false},"excerpt":{"rendered":"<p>Zesp\u00f3\u0142 Notariusz Sabina I\u0142owska Uko\u0144czy\u0142am studia prawnicze w 2009 r., w latach 2010 \u2013 2012 odbywa\u0142am aplikacj\u0119 notarialn\u0105, za\u015b od 2013 r. do 2016 r. by\u0142am asesorem notarialnym, a nast\u0119pnie zast\u0119pc\u0105 notarialnym. W 2016 roku zosta\u0142am powo\u0142ana na stanowisko notariusza. Notariusz Dominika Nowaczyk Od 2015 roku rozpocz\u0119\u0142am praktyk\u0119 w kancelarii notarialnej, ko\u0144cz\u0105c studia prawnicze w [&hellip;]<\/p>","protected":false},"author":1,"featured_media":0,"parent":0,"menu_order":0,"comment_status":"closed","ping_status":"closed","template":"elementor_header_footer","meta":{"_acf_changed":false,"footnotes":""},"class_list":["post-1740","page","type-page","status-publish","hentry"],"acf":[],"_links":{"self":[{"href":"https:\/\/innotariusz.pl\/en\/wp-json\/wp\/v2\/pages\/1740","targetHints":{"allow":["GET"]}}],"collection":[{"href":"https:\/\/innotariusz.pl\/en\/wp-json\/wp\/v2\/pages"}],"about":[{"href":"https:\/\/innotariusz.pl\/en\/wp-json\/wp\/v2\/types\/page"}],"author":[{"embeddable":true,"href":"https:\/\/innotariusz.pl\/en\/wp-json\/wp\/v2\/users\/1"}],"replies":[{"embeddable":true,"href":"https:\/\/innotariusz.pl\/en\/wp-json\/wp\/v2\/comments?post=1740"}],"version-history":[{"count":0,"href":"https:\/\/innotariusz.pl\/en\/wp-json\/wp\/v2\/pages\/1740\/revisions"}],"wp:attachment":[{"href":"https:\/\/innotariusz.pl\/en\/wp-json\/wp\/v2\/media?parent=1740"}],"curies":[{"name":"wp","href":"https:\/\/api.w.org\/{rel}","templated":true}]}}